{"id":1081,"date":"2024-05-22T19:20:22","date_gmt":"2024-05-22T17:20:22","guid":{"rendered":"https:\/\/programaciondigitaliebers.online\/alter\/?page_id=1081"},"modified":"2024-06-05T19:27:17","modified_gmt":"2024-06-05T17:27:17","slug":"moving-baby","status":"publish","type":"page","link":"https:\/\/altersportcenter.com.mx\/?page_id=1081","title":{"rendered":"Moving-baby"},"content":{"rendered":"\t\t<div data-elementor-type=\"wp-page\" data-elementor-id=\"1081\" class=\"elementor elementor-1081\">\n\t\t\t\t<div class=\"elementor-element elementor-element-18c87a0 e-flex e-con-boxed e-con e-parent\" data-id=\"18c87a0\" data-element_type=\"container\" data-settings=\"{&quot;background_background&quot;:&quot;classic&quot;}\">\n\t\t\t\t\t<div class=\"e-con-inner\">\n\t\t\t\t<div class=\"elementor-element elementor-element-9e2d7c1 elementor-widget elementor-widget-html\" data-id=\"9e2d7c1\" data-element_type=\"widget\" data-widget_type=\"html.default\">\n\t\t\t\t<div class=\"elementor-widget-container\">\n\t\t\t<style>\n\n.titulo{\n    font-size: 80px!important;\n    font-family: 'SweetSansPro-Regular', Sans-serif!important;\n    \n}\n.container1 {\n  width: 100%;\n  height: 600px;\n  background: #;\n  display: flex;\n  justify-content: left;\n  align-items: center;\n}\n.container1 .box {\n \n  height: 250px;\n  position: relative;\n  display: flex;\n  justify-content: center;\n  flex-direction: column;\n}\n.container1 .box .title {\n  width: 100%;\n  position: relative;\n  display: flex;\n  align-items: center;\n  height: 80px;\n}\n.container1 .box .title .block {\n  width: 0%;\n  height: inherit;\n  background: #B7C82E;\n  position: absolute;\n  animation: mainBlock 2s cubic-bezier(0.74, 0.06, 0.4, 0.92) forwards;\n  display: flex;\n   \n}\n.container1 .box .title h1 {\n\n  color: #fff;\n  font-size: 32px;\n  -webkit-animation: mainFadeIn 2s forwards;\n  -o-animation: mainFadeIn 2s forwards;\n  animation: mainFadeIn 2s forwards;\n  animation-delay: 1.6s;\n  opacity: 0;\n  display: flex;\n  align-items: baseline;\n  position: relative;\n  border-bottom:5px solid  #B7C82E!important; \n}\n.container1 .box .title h1 span {\n  width: 0px;\n  height: 0px;\n  -webkit-border-radius: 50%;\n  -moz-border-radius: 50%;\n  border-radius: 50%;\n  background: #ffb510;\n  -webkit-animation: load 0.6s cubic-bezier(0.74, 0.06, 0.4, 0.92) forwards;\n  animation: popIn 0.8s cubic-bezier(0.74, 0.06, 0.4, 0.92) forwards;\n  animation-delay: 2s;\n  margin-left: 5px;\n  margin-top: -10px;\n  position: absolute;\n  bottom: 13px;\n  right: -12px;\n}\n.container1 .box .role {\n  width: 100%;\n  position: relative;\n  display: flex;\n  align-items: center;\n  height: 30px;\n  margin-top: -10px;\n}\n.container1 .box .role .block {\n  width: 0%;\n  height: inherit;\n  background: #e91e63;\n  position: absolute;\n  animation: secBlock 2s cubic-bezier(0.74, 0.06, 0.4, 0.92) forwards;\n  animation-delay: 2s;\n  display: flex;\n}\n.container1 .box .role p {\n  animation: secFadeIn 2s forwards;\n  animation-delay: 3.2s;\n  opacity: 0;\n  font-weight: 400;\n  font-family: 'Lato';\n  color: #ffffff;\n  font-size: 12px;\n  text-transform: uppercase;\n  letter-spacing: 5px;\n}\n\n@keyframes mainBlock {\n  0% {\n    width: 0%;\n    left: 0;\n  }\n  50% {\n    width: 100%;\n    left: 0;\n  }\n  100% {\n    width: 0;\n    left: 100%;\n  }\n}\n@keyframes secBlock {\n  0% {\n    width: 0%;\n    left: 0;\n  }\n  50% {\n    width: 100%;\n    left: 0;\n  }\n  100% {\n    width: 0;\n    left: 100%;\n  }\n}\n@keyframes mainFadeIn {\n  0% {\n    opacity: 0;\n  }\n  100% {\n    opacity: 1;\n  }\n}\n@keyframes popIn {\n  0% {\n    width: 0px;\n    height: 0px;\n    background: transparent;\n    border: 0px solid #ddd;\n    opacity: 0;\n  }\n  50% {\n    width: 10px;\n    height: 10px;\n    background: transparent;\n    opacity: 1;\n    bottom: 45px;\n  }\n  65% {\n    width: 7px;\n    height: 7px;\n    bottom: 0px;\n    width: 15px;\n  }\n  80% {\n    width: 10px;\n    height: 10px;\n    bottom: 20px;\n  }\n  100% {\n    width: 7px;\n    height: 7px;\n    background: transparent;\n    border: 0px solid #222;\n    bottom: 13px;\n  }\n}\n@keyframes secFadeIn {\n  0% {\n    opacity: 0;\n  }\n  100% {\n    opacity: 0.5;\n  }\n}\n\n\n@keyframes top {\n  0% {\n    opacity: 0;\n    bottom: -80px;\n  }\n  100% {\n    opacity: 1;\n    bottom: 0px;\n  }\n}\n@keyframes icon {\n  0% {\n    opacity: 0;\n    transform: scale(0);\n  }\n  50% {\n    opacity: 1;\n    transform: scale(1.3) rotate(-2deg);\n  }\n  100% {\n    opacity: 1;\n    bottom: 0px;\n  }\n}\n\n    @media only screen and (max-width: 768px) {\n        .titulo{\n    font-size: 40px!important;\n    font-family: 'SweetSansPro-Regular', Sans-serif!important;\n    \n}\n\n.container1 .box .title {\n  width: 100%;\n  position: relative;\n  display: flex;\n  align-items: center;\n  height: 50px;\n}\n\n.container1 {\n  width: 100%;\n  height: 400px;\n  background: #;\n  display: flex;\n  justify-content: left;\n  align-items: center;\n}\n    }\n<\/style>\n\n\n<div class=\"container1\">\n    <div class=\"box\">\n\n        <div class=\"title\">\n            <span class=\"block\"><\/span>\n            <h1 class=\"titulo\">MOVING-BABY<span><\/span><\/h1>\n        <\/div>\n    <\/div>\n<\/div>\t\t<\/div>\n\t\t\t\t<\/div>\n\t\t\t\t\t<\/div>\n\t\t\t\t<\/div>\n\t\t<div class=\"elementor-element elementor-element-d005f90 e-flex e-con-boxed e-con e-parent\" data-id=\"d005f90\" data-element_type=\"container\" data-settings=\"{&quot;background_background&quot;:&quot;classic&quot;}\">\n\t\t\t\t\t<div class=\"e-con-inner\">\n\t\t\t\t<div class=\"elementor-element elementor-element-72baf65 elementor-widget elementor-widget-text-editor\" data-id=\"72baf65\" data-element_type=\"widget\" data-widget_type=\"text-editor.default\">\n\t\t\t\t<div class=\"elementor-widget-container\">\n\t\t\t<style>\/*! elementor - v3.21.0 - 26-05-2024 *\/\n.elementor-widget-text-editor.elementor-drop-cap-view-stacked .elementor-drop-cap{background-color:#69727d;color:#fff}.elementor-widget-text-editor.elementor-drop-cap-view-framed .elementor-drop-cap{color:#69727d;border:3px solid;background-color:transparent}.elementor-widget-text-editor:not(.elementor-drop-cap-view-default) .elementor-drop-cap{margin-top:8px}.elementor-widget-text-editor:not(.elementor-drop-cap-view-default) .elementor-drop-cap-letter{width:1em;height:1em}.elementor-widget-text-editor .elementor-drop-cap{float:left;text-align:center;line-height:1;font-size:50px}.elementor-widget-text-editor .elementor-drop-cap-letter{display:inline-block}<\/style>\t\t\t\t<p>Escuela dedicada al desarrollo de los peque\u00f1os . Lactantes B (a partir del gateo hasta que caminan)<\/p>\t\t\t\t\t\t<\/div>\n\t\t\t\t<\/div>\n\t\t\t\t\t<\/div>\n\t\t\t\t<\/div>\n\t\t<div class=\"elementor-element elementor-element-7bd079d e-flex e-con-boxed e-con e-parent\" data-id=\"7bd079d\" data-element_type=\"container\" data-settings=\"{&quot;background_background&quot;:&quot;classic&quot;}\">\n\t\t\t\t\t<div class=\"e-con-inner\">\n\t\t\t\t<div class=\"elementor-element elementor-element-147a10d elementor-widget elementor-widget-heading\" data-id=\"147a10d\" data-element_type=\"widget\" data-widget_type=\"heading.default\">\n\t\t\t\t<div class=\"elementor-widget-container\">\n\t\t\t<style>\/*! elementor - v3.21.0 - 26-05-2024 *\/\n.elementor-heading-title{padding:0;margin:0;line-height:1}.elementor-widget-heading .elementor-heading-title[class*=elementor-size-]>a{color:inherit;font-size:inherit;line-height:inherit}.elementor-widget-heading .elementor-heading-title.elementor-size-small{font-size:15px}.elementor-widget-heading .elementor-heading-title.elementor-size-medium{font-size:19px}.elementor-widget-heading .elementor-heading-title.elementor-size-large{font-size:29px}.elementor-widget-heading .elementor-heading-title.elementor-size-xl{font-size:39px}.elementor-widget-heading .elementor-heading-title.elementor-size-xxl{font-size:59px}<\/style><h2 class=\"elementor-heading-title elementor-size-default\">ESTIMULACI\u00d3N TEMPRANA<\/h2>\t\t<\/div>\n\t\t\t\t<\/div>\n\t\t\t\t<div class=\"elementor-element elementor-element-5c403e6 elementor-widget elementor-widget-text-editor\" data-id=\"5c403e6\" data-element_type=\"widget\" data-widget_type=\"text-editor.default\">\n\t\t\t\t<div class=\"elementor-widget-container\">\n\t\t\t\t\t\t\t<p>La importancia de la estimulaci\u00f3n temprana es que se considera un requisito b\u00e1sico para el \u00f3ptimo desarrollo del cerebro del beb\u00e9, ya que potencia sus funciones cerebrales en todos los aspectos cognitivo, ling\u00fc\u00edstico, motor y social.<\/p><p>La estimulaci\u00f3n temprana de los ni\u00f1os es m\u00e1s eficaz porque\u00a0su cerebro tiene mayor plasticidad; esto hace que se establezcan conexiones entre las neuronas con m\u00e1s facilidad, rapidez y eficacia, as\u00ed como tambi\u00e9n (motora, sensorial y social).<\/p>\t\t\t\t\t\t<\/div>\n\t\t\t\t<\/div>\n\t\t\t\t<div class=\"elementor-element elementor-element-195323a elementor-widget elementor-widget-heading\" data-id=\"195323a\" data-element_type=\"widget\" data-widget_type=\"heading.default\">\n\t\t\t\t<div class=\"elementor-widget-container\">\n\t\t\t<h2 class=\"elementor-heading-title elementor-size-default\">EJECUCI\u00d3N DE PSICOMOTRICIDAD<\/h2>\t\t<\/div>\n\t\t\t\t<\/div>\n\t\t\t\t<div class=\"elementor-element elementor-element-b1913f8 elementor-widget elementor-widget-text-editor\" data-id=\"b1913f8\" data-element_type=\"widget\" data-widget_type=\"text-editor.default\">\n\t\t\t\t<div class=\"elementor-widget-container\">\n\t\t\t\t\t\t\t<p>Conforma la estimulaci\u00f3n temprana y terap\u00e9utica cuyo objetivo es el desarrollo de las posibilidades motrices, expresivas y creativas, lo que le lleva a centrar su actividad e inter\u00e9s en el movimiento.<\/p>\t\t\t\t\t\t<\/div>\n\t\t\t\t<\/div>\n\t\t\t\t<div class=\"elementor-element elementor-element-e4337ca elementor-widget elementor-widget-heading\" data-id=\"e4337ca\" data-element_type=\"widget\" data-widget_type=\"heading.default\">\n\t\t\t\t<div class=\"elementor-widget-container\">\n\t\t\t<h2 class=\"elementor-heading-title elementor-size-default\">SHANTALA (MASAJE Y RELAJACI\u00d3N)<\/h2>\t\t<\/div>\n\t\t\t\t<\/div>\n\t\t\t\t<div class=\"elementor-element elementor-element-d04c0a7 elementor-widget elementor-widget-text-editor\" data-id=\"d04c0a7\" data-element_type=\"widget\" data-widget_type=\"text-editor.default\">\n\t\t\t\t<div class=\"elementor-widget-container\">\n\t\t\t\t\t\t\t<p>El masaje infantil consiste en calmar a los ni\u00f1os, fomenta la resistencia de su organismo, que tengan un sue\u00f1o tranquilo y un desarrollo ps\u00edquico. Durante el masaje, los peque\u00f1os sienten una sensaci\u00f3n agradable ya que no solo se trata del contacto de pieles sino tambi\u00e9n de percibir sensaciones a trav\u00e9s del o\u00eddo, olfato y visi\u00f3n.<\/p>\t\t\t\t\t\t<\/div>\n\t\t\t\t<\/div>\n\t\t\t\t<div class=\"elementor-element elementor-element-e32d444 elementor-widget elementor-widget-heading\" data-id=\"e32d444\" data-element_type=\"widget\" data-widget_type=\"heading.default\">\n\t\t\t\t<div class=\"elementor-widget-container\">\n\t\t\t<h2 class=\"elementor-heading-title elementor-size-default\">M\u00daSICA Y LENGUAJE<\/h2>\t\t<\/div>\n\t\t\t\t<\/div>\n\t\t\t\t<div class=\"elementor-element elementor-element-311c1a9 elementor-widget elementor-widget-text-editor\" data-id=\"311c1a9\" data-element_type=\"widget\" data-widget_type=\"text-editor.default\">\n\t\t\t\t<div class=\"elementor-widget-container\">\n\t\t\t\t\t\t\t<p>Es un est\u00edmulo que enriquece el proceso sensorial y cognitivo, adem\u00e1s, fomenta la creatividad y la disposici\u00f3n al cambio. A trav\u00e9s de la m\u00fasica se puede educar e integra arm\u00f3nicamente a los ni\u00f1os.<\/p>\t\t\t\t\t\t<\/div>\n\t\t\t\t<\/div>\n\t\t\t\t<div class=\"elementor-element elementor-element-541e2d6 elementor-widget elementor-widget-heading\" data-id=\"541e2d6\" data-element_type=\"widget\" data-widget_type=\"heading.default\">\n\t\t\t\t<div class=\"elementor-widget-container\">\n\t\t\t<h2 class=\"elementor-heading-title elementor-size-default\">\u00c1REA COGNITIVO<\/h2>\t\t<\/div>\n\t\t\t\t<\/div>\n\t\t\t\t<div class=\"elementor-element elementor-element-7fb4006 elementor-widget elementor-widget-text-editor\" data-id=\"7fb4006\" data-element_type=\"widget\" data-widget_type=\"text-editor.default\">\n\t\t\t\t<div class=\"elementor-widget-container\">\n\t\t\t\t\t\t\t<p>Es un desarrollo de la capacidad de adaptaci\u00f3n al medio que nos rodea; consiste en el equilibrio entre dos mecanismos indisociables: la acomodaci\u00f3n y la asimilaci\u00f3n.<\/p>\t\t\t\t\t\t<\/div>\n\t\t\t\t<\/div>\n\t\t\t\t<div class=\"elementor-element elementor-element-2683636 elementor-widget elementor-widget-heading\" data-id=\"2683636\" data-element_type=\"widget\" data-widget_type=\"heading.default\">\n\t\t\t\t<div class=\"elementor-widget-container\">\n\t\t\t<h2 class=\"elementor-heading-title elementor-size-default\">ESTIMULACI\u00d3N SENSORIAL<\/h2>\t\t<\/div>\n\t\t\t\t<\/div>\n\t\t\t\t<div class=\"elementor-element elementor-element-dab9c40 elementor-widget elementor-widget-text-editor\" data-id=\"dab9c40\" data-element_type=\"widget\" data-widget_type=\"text-editor.default\">\n\t\t\t\t<div class=\"elementor-widget-container\">\n\t\t\t\t\t\t\t<p>Se basa en los sentidos y texturas para darle sensaciones y experiencias a los beb\u00e9s, conociendo su cuerpo y sus sentidos para que los descubran y disfruten haci\u00e9ndolo, aprendan a usarlos y adquieran el aprendizaje a trav\u00e9s de ellos.<\/p>\t\t\t\t\t\t<\/div>\n\t\t\t\t<\/div>\n\t\t\t\t\t<\/div>\n\t\t\t\t<\/div>\n\t\t<div class=\"elementor-element elementor-element-075de63 e-flex e-con-boxed e-con e-parent\" data-id=\"075de63\" data-element_type=\"container\" data-settings=\"{&quot;background_background&quot;:&quot;classic&quot;}\">\n\t\t\t\t\t<div class=\"e-con-inner\">\n\t\t\t\t<div class=\"elementor-element elementor-element-cb30580 elementor-widget elementor-widget-heading\" data-id=\"cb30580\" data-element_type=\"widget\" data-widget_type=\"heading.default\">\n\t\t\t\t<div class=\"elementor-widget-container\">\n\t\t\t<h2 class=\"elementor-heading-title elementor-size-default\">MOVING-BABY<\/h2>\t\t<\/div>\n\t\t\t\t<\/div>\n\t\t\t\t<div class=\"elementor-element elementor-element-264ab1d elementor-widget elementor-widget-shortcode\" data-id=\"264ab1d\" data-element_type=\"widget\" data-widget_type=\"shortcode.default\">\n\t\t\t\t<div class=\"elementor-widget-container\">\n\t\t\t\t\t<div class=\"elementor-shortcode\">\n<table id=\"tablepress-10\" class=\"tablepress tablepress-id-10\">\n<thead>\n<tr class=\"row-1\">\n\t<th class=\"column-1\">Hora<\/th><th class=\"column-2\">Lunes<\/th><th class=\"column-3\">Martes<\/th><th class=\"column-4\">Mi\u00e9rcoles<\/th><th class=\"column-5\">Jueves<\/th><th class=\"column-6\">Viernes<\/th>\n<\/tr>\n<\/thead>\n<tbody class=\"row-striping row-hover\">\n<tr class=\"row-2\">\n\t<td class=\"column-1\">8:00 - 8:30<\/td><td class=\"column-2\">Bienvenida y filtro<\/td><td class=\"column-3\">Bienvenida y filtro<\/td><td class=\"column-4\">Bienvenida y filtro<\/td><td class=\"column-5\">Bienvenida y filtro<\/td><td class=\"column-6\">Bienvenida y filtro<\/td>\n<\/tr>\n<tr class=\"row-3\">\n\t<td class=\"column-1\">8:30 - 9:00<\/td><td class=\"column-2\">Cuenta cuentos<\/td><td class=\"column-3\">Teatro con t\u00edteres y texturas<\/td><td class=\"column-4\">Cuenta cuentos<\/td><td class=\"column-5\">Teatro con t\u00edteres y texturas<\/td><td class=\"column-6\">Cuenta cuentos<\/td>\n<\/tr>\n<tr class=\"row-4\">\n\t<td class=\"column-1\">9:00 - 9:45<\/td><td class=\"column-2\">M\u00fasica (Lenguaje y socioemocional)<\/td><td class=\"column-3\">Estimulaci\u00f3n sensorial<\/td><td class=\"column-4\">M\u00fasica (Lenguaje y socioemocional)<\/td><td class=\"column-5\">Estimulaci\u00f3n sensorial<\/td><td class=\"column-6\">M\u00fasica (Lenguaje y socioemocional)<\/td>\n<\/tr>\n<tr class=\"row-5\">\n\t<td class=\"column-1\">9:45 - 10:30<\/td><td class=\"column-2\">Ejecuci\u00f3n de psicomotricidad <\/td><td class=\"column-3\">Ejecuci\u00f3n de psicomotricidad<\/td><td class=\"column-4\">Ejecuci\u00f3n de psicomotricidad<\/td><td class=\"column-5\">Ejecuci\u00f3n de psicomotricidad (Estimulaci\u00f3n T.)<\/td><td class=\"column-6\">Ejecuci\u00f3n de psicomotricidad<\/td>\n<\/tr>\n<tr class=\"row-6\">\n\t<td class=\"column-1\">10:30 - 11:00<\/td><td class=\"column-2\">Exploraci\u00f3n de artes pl\u00e1sticas<\/td><td class=\"column-3\">Area cognitivo y socioemocional<\/td><td class=\"column-4\">Exploraci\u00f3n de artes pl\u00e1sticas<\/td><td class=\"column-5\">\u00c1rea cognitivo y socioemocional<\/td><td class=\"column-6\">Exploraci\u00f3n de artes pl\u00e1sticas<\/td>\n<\/tr>\n<tr class=\"row-7\">\n\t<td class=\"column-1\">11:00 - 12:00<\/td><td class=\"column-2\">Lunch<\/td><td class=\"column-3\">Lunch<\/td><td class=\"column-4\">Lunch<\/td><td class=\"column-5\">Lunch<\/td><td class=\"column-6\">Lunch<\/td>\n<\/tr>\n<tr class=\"row-8\">\n\t<td class=\"column-1\">12:00 - 13:30<\/td><td class=\"column-2\">Masaje infantil shantala para obtener un sue\u00f1o tranquilo con relajaci\u00f3n y difusor<\/td><td class=\"column-3\">Masaje infantil shantala para obtener un sue\u00f1o tranquilo con relajaci\u00f3n y difusor<\/td><td class=\"column-4\">Masaje infantil shantala para obtener un sue\u00f1o tranquilo con relajaci\u00f3n y difusor<\/td><td class=\"column-5\">Masaje infantil shantala para obtener un sue\u00f1o tranquilo con relajaci\u00f3n y difusor<\/td><td class=\"column-6\">Alter busitos baby<\/td>\n<\/tr>\n<tr class=\"row-9\">\n\t<td class=\"column-1\">13:30 - 14:00<\/td><td class=\"column-2\">Despedida con paraca\u00eddas<\/td><td class=\"column-3\">Despedida con paraca\u00eddas<\/td><td class=\"column-4\">Despedida con paraca\u00eddas<\/td><td class=\"column-5\">Despedida con paraca\u00eddas<\/td><td class=\"column-6\">Despedida con paraca\u00eddas<\/td>\n<\/tr>\n<\/tbody>\n<\/table>\n<!-- #tablepress-10 from cache --><\/div>\n\t\t\t\t<\/div>\n\t\t\t\t<\/div>\n\t\t\t\t\t<\/div>\n\t\t\t\t<\/div>\n\t\t<div class=\"elementor-element elementor-element-20e7280 e-flex e-con-boxed e-con e-parent\" data-id=\"20e7280\" data-element_type=\"container\" data-settings=\"{&quot;background_background&quot;:&quot;classic&quot;}\">\n\t\t\t\t\t<div class=\"e-con-inner\">\n\t\t\t\t<div class=\"elementor-element elementor-element-3937b63 elementor-widget elementor-widget-html\" data-id=\"3937b63\" data-element_type=\"widget\" data-widget_type=\"html.default\">\n\t\t\t\t<div class=\"elementor-widget-container\">\n\t\t\t<style>\ntd {\n  border: #000 2px solid!important;\n  background: #4d4d4d !important;\n  vertical-align:middle!important;\n  color: #fff!important;\n  \n}\n\nth {\n    background: #000 !important;\n    color: #fff!important;\n}\n\n<\/style>\t\t<\/div>\n\t\t\t\t<\/div>\n\t\t\t\t\t<\/div>\n\t\t\t\t<\/div>\n\t\t\t\t<\/div>\n\t\t","protected":false},"excerpt":{"rendered":"<p>MOVING-BABY Escuela dedicada al desarrollo de los peque\u00f1os . Lactantes B (a partir del gateo hasta que caminan) ESTIMULACI\u00d3N TEMPRANA [&hellip;]<\/p>\n","protected":false},"author":1,"featured_media":0,"parent":0,"menu_order":0,"comment_status":"closed","ping_status":"closed","template":"","meta":{"site-sidebar-layout":"no-sidebar","site-content-layout":"","ast-site-content-layout":"full-width-container","site-content-style":"default","site-sidebar-style":"default","ast-global-header-display":"","ast-banner-title-visibility":"","ast-main-header-display":"","ast-hfb-above-header-display":"","ast-hfb-below-header-display":"","ast-hfb-mobile-header-display":"","site-post-title":"disabled","ast-breadcrumbs-content":"","ast-featured-img":"disabled","footer-sml-layout":"","theme-transparent-header-meta":"","adv-header-id-meta":"","stick-header-meta":"","header-above-stick-meta":"","header-main-stick-meta":"","header-below-stick-meta":"","astra-migrate-meta-layouts":"default","ast-page-background-enabled":"default","ast-page-background-meta":{"desktop":{"background-color":"var(--ast-global-color-4)","background-image":"","background-repeat":"repeat","background-position":"center center","background-size":"auto","background-attachment":"scroll","background-type":"","background-media":"","overlay-type":"","overlay-color":"","overlay-gradient":""},"tablet":{"background-color":"","background-image":"","background-repeat":"repeat","background-position":"center center","background-size":"auto","background-attachment":"scroll","background-type":"","background-media":"","overlay-type":"","overlay-color":"","overlay-gradient":""},"mobile":{"background-color":"","background-image":"","background-repeat":"repeat","background-position":"center center","background-size":"auto","background-attachment":"scroll","background-type":"","background-media":"","overlay-type":"","overlay-color":"","overlay-gradient":""}},"ast-content-background-meta":{"desktop":{"background-color":"var(--ast-global-color-5)","background-image":"","background-repeat":"repeat","background-position":"center center","background-size":"auto","background-attachment":"scroll","background-type":"","background-media":"","overlay-type":"","overlay-color":"","overlay-gradient":""},"tablet":{"background-color":"var(--ast-global-color-5)","background-image":"","background-repeat":"repeat","background-position":"center center","background-size":"auto","background-attachment":"scroll","background-type":"","background-media":"","overlay-type":"","overlay-color":"","overlay-gradient":""},"mobile":{"background-color":"var(--ast-global-color-5)","background-image":"","background-repeat":"repeat","background-position":"center center","background-size":"auto","background-attachment":"scroll","background-type":"","background-media":"","overlay-type":"","overlay-color":"","overlay-gradient":""}},"footnotes":""},"_links":{"self":[{"href":"https:\/\/altersportcenter.com.mx\/index.php?rest_route=\/wp\/v2\/pages\/1081"}],"collection":[{"href":"https:\/\/altersportcenter.com.mx\/index.php?rest_route=\/wp\/v2\/pages"}],"about":[{"href":"https:\/\/altersportcenter.com.mx\/index.php?rest_route=\/wp\/v2\/types\/page"}],"author":[{"embeddable":true,"href":"https:\/\/altersportcenter.com.mx\/index.php?rest_route=\/wp\/v2\/users\/1"}],"replies":[{"embeddable":true,"href":"https:\/\/altersportcenter.com.mx\/index.php?rest_route=%2Fwp%2Fv2%2Fcomments&post=1081"}],"version-history":[{"count":93,"href":"https:\/\/altersportcenter.com.mx\/index.php?rest_route=\/wp\/v2\/pages\/1081\/revisions"}],"predecessor-version":[{"id":2290,"href":"https:\/\/altersportcenter.com.mx\/index.php?rest_route=\/wp\/v2\/pages\/1081\/revisions\/2290"}],"wp:attachment":[{"href":"https:\/\/altersportcenter.com.mx\/index.php?rest_route=%2Fwp%2Fv2%2Fmedia&parent=1081"}],"curies":[{"name":"wp","href":"https:\/\/api.w.org\/{rel}","templated":true}]}}