{"id":1544,"date":"2024-05-24T18:48:26","date_gmt":"2024-05-24T16:48:26","guid":{"rendered":"https:\/\/programaciondigitaliebers.online\/alter\/?page_id=1544"},"modified":"2025-07-09T16:19:28","modified_gmt":"2025-07-09T14:19:28","slug":"aviso-de-privacidad","status":"publish","type":"page","link":"https:\/\/altersportcenter.com.mx\/?page_id=1544","title":{"rendered":"aviso-de-privacidad"},"content":{"rendered":"\t\t<div data-elementor-type=\"wp-page\" data-elementor-id=\"1544\" class=\"elementor elementor-1544\">\n\t\t\t\t<div class=\"elementor-element elementor-element-01acf79 e-flex e-con-boxed e-con e-parent\" data-id=\"01acf79\" data-element_type=\"container\" data-settings=\"{&quot;background_background&quot;:&quot;classic&quot;}\">\n\t\t\t\t\t<div class=\"e-con-inner\">\n\t\t\t\t<div class=\"elementor-element elementor-element-381f26f elementor-widget elementor-widget-heading\" data-id=\"381f26f\" data-element_type=\"widget\" data-widget_type=\"heading.default\">\n\t\t\t\t<div class=\"elementor-widget-container\">\n\t\t\t<style>\/*! elementor - v3.21.0 - 26-05-2024 *\/\n.elementor-heading-title{padding:0;margin:0;line-height:1}.elementor-widget-heading .elementor-heading-title[class*=elementor-size-]>a{color:inherit;font-size:inherit;line-height:inherit}.elementor-widget-heading .elementor-heading-title.elementor-size-small{font-size:15px}.elementor-widget-heading .elementor-heading-title.elementor-size-medium{font-size:19px}.elementor-widget-heading .elementor-heading-title.elementor-size-large{font-size:29px}.elementor-widget-heading .elementor-heading-title.elementor-size-xl{font-size:39px}.elementor-widget-heading .elementor-heading-title.elementor-size-xxl{font-size:59px}<\/style><h2 class=\"elementor-heading-title elementor-size-default\">Aviso de Privacidad<\/h2>\t\t<\/div>\n\t\t\t\t<\/div>\n\t\t\t\t\t<\/div>\n\t\t\t\t<\/div>\n\t\t<div class=\"elementor-element elementor-element-101750a e-flex e-con-boxed e-con e-parent\" data-id=\"101750a\" data-element_type=\"container\">\n\t\t\t\t\t<div class=\"e-con-inner\">\n\t\t\t\t<div class=\"elementor-element elementor-element-a0ad0da elementor-widget elementor-widget-heading\" data-id=\"a0ad0da\" data-element_type=\"widget\" data-widget_type=\"heading.default\">\n\t\t\t\t<div class=\"elementor-widget-container\">\n\t\t\t<h2 class=\"elementor-heading-title elementor-size-default\">Aviso  de Privacidad<\/h2>\t\t<\/div>\n\t\t\t\t<\/div>\n\t\t\t\t<div class=\"elementor-element elementor-element-dc92e2d elementor-widget elementor-widget-text-editor\" data-id=\"dc92e2d\" data-element_type=\"widget\" data-widget_type=\"text-editor.default\">\n\t\t\t\t<div class=\"elementor-widget-container\">\n\t\t\t<style>\/*! elementor - v3.21.0 - 26-05-2024 *\/\n.elementor-widget-text-editor.elementor-drop-cap-view-stacked .elementor-drop-cap{background-color:#69727d;color:#fff}.elementor-widget-text-editor.elementor-drop-cap-view-framed .elementor-drop-cap{color:#69727d;border:3px solid;background-color:transparent}.elementor-widget-text-editor:not(.elementor-drop-cap-view-default) .elementor-drop-cap{margin-top:8px}.elementor-widget-text-editor:not(.elementor-drop-cap-view-default) .elementor-drop-cap-letter{width:1em;height:1em}.elementor-widget-text-editor .elementor-drop-cap{float:left;text-align:center;line-height:1;font-size:50px}.elementor-widget-text-editor .elementor-drop-cap-letter{display:inline-block}<\/style>\t\t\t\t<p>En GYMSTARTS ELITE, S.A. DE C.V., reconocida comercialmente por \u201cALTER FAMILY SPORT CENTER\u201d, sabemos que la seguridad generada en nuestros usuarios al saber que se hace un correcto uso de datos personales es esencial, por ello en el presente aviso de privacidad se encuentran plasmadas todas y cada una de las medidas de seguridad que desarrollamos para nuestros usuarios.<\/p><p>De acuerdo a lo establecido en la Ley Federal de Protecci\u00f3n de Datos Personales en Posesi\u00f3n de Particulares, la cual fue publicada en el Diario Oficial de la Federaci\u00f3n el d\u00eda 5 de julio del a\u00f1o 2010, se redact\u00f3 el presente documento, cumpliendo con los requisitos contemplados en el art\u00edculo 24 del Reglamento, as\u00ed como lo dispuesto en el art\u00edculo 10 de los Lineamientos del Aviso de Privacidad, los cuales fueron publicado el d\u00eda 17 de enero de 2013, de igual forma en el Diario Oficial de la Federaci\u00f3n.<\/p><p>1. Identidad y domicilio de ALTER FAMILY SPORT CENTER<\/p><p>GYMSTARTS ELITE, S.A. DE C.V., (en lo sucesivo \u201cALTER\u201d), conocida comercialmente como \u201cALTER\u201d, con domicilio en Boulevard Benito Ju\u00e1rez, N\u00famero 35-D, Colonia Centro, Cuernavaca, Morelos, C.P. 62000, ser\u00e1 el ALTER del tratamiento de sus Datos Personales, por ello, en todo momento, se velar\u00e1 por la protecci\u00f3n y el uso correcto de los mismos. En un plazo de tres d\u00edas naturales posteriores a la obtenci\u00f3n de sus datos personales o, en su caso, posteriores a cualquier modificaci\u00f3n al presente, usted deber\u00e1 manifestar de manera expresa su oposici\u00f3n al tratamiento de sus Datos Personales por parte de ALTER, mediante el env\u00edo de un correo electr\u00f3nico al siguiente correo: informacion@altersportcenter.com.mx, en caso de no existir correo electr\u00f3nico alguno en el plazo establecido, se entender\u00e1 su aceptaci\u00f3n t\u00e1cita a los lineamientos y disposiciones establecidos en el presente Aviso de Privacidad.<\/p><p>2. Datos Personales que ser\u00e1n sometidos a Tratamiento<\/p><p>Para dar cumplimiento a lo dispuesto en la Ley y para las finalidades previstas en el presente Aviso de Privacidad, le informamos que podemos recabar sus Datos Personales de las siguientes maneras:<\/p><p>I. De forma directa y personal cuando usted mismo nos los proporcione, mismos que ser\u00e1n los siguientes:<\/p><p>De identificaci\u00f3n:<\/p><ul><li>Nombre completo<\/li><li>Domicilio<\/li><li>Tel\u00e9fono<\/li><li>Correo electr\u00f3nico<\/li><li>Firma<\/li><li>Registro Federal de Contribuyentes (RFC)<\/li><li>Clave \u00danica de Registro de Poblaci\u00f3n (CURP)<\/li><li>Fecha de nacimiento<\/li><li>Edad<\/li><li>Estado civil<\/li><li>Fotograf\u00eda<\/li><li>Sexo<\/li><\/ul><p>Patrimoniales y financieros<\/p><ul><li>N\u00famero de cuentas bancarias<\/li><li>CLABE de cuentas bancarias<\/li><\/ul><p>Datos para referencias de terceras personas: para este \u00faltimo punto, usted ser\u00e1 el ALTER de informarles que sus datos fueron utilizados como referencia \u00fanicamente.<\/p><p>II. De forma directa a trav\u00e9s de nuestra p\u00e1gina de internet https:\/\/altersportcenter.com.mx\/, mismos que ser\u00e1n los siguientes:<\/p><ul><li>Nombre<\/li><li>Correo electr\u00f3nico<\/li><\/ul><p>III. A trav\u00e9s de otros medios permitidos por la legislaci\u00f3n vigente aplicable, incluyendo entre otros los obtenidos a trav\u00e9s de directorios, bases de datos, o resoluciones de alguna autoridad competente facultada para tales efectos.<\/p><p>3. Datos Personales Sensibles que ser\u00e1n sometidos a Tratamiento<\/p><p>Los datos personales sensibles que ser\u00e1n recabados por parte de ALTER ser\u00e1n los siguientes:<\/p><p>Salud<\/p><ul><li>Estado de salud<\/li><li>Historial cl\u00ednico<\/li><li>Enfermedades<\/li><li>Tipo de Sangre<\/li><\/ul><p>Caracter\u00edsticas personales<\/p><ul><li>Huella digital<\/li><\/ul><p>ALTER se compromete a que dichos datos ser\u00e1n tratados bajo los est\u00e1ndares y las medidas m\u00e1s estrictas de seguridad que garanticen su confidencialidad, ello con el fin de mantener la confianza y seguridad en nuestros usuarios.<\/p><p>Los Datos Personales Sensibles antes precisados son indispensables para que ALTER se encuentre en posibilidades de brindar a usted los servicios contratados, por lo que en caso de revocaci\u00f3n del consentimiento o que ejerza su derecho de cancelaci\u00f3n para el Tratamiento de dichos Datos, dar\u00e1 lugar a la rescisi\u00f3n del contrato de prestaci\u00f3n de servicios que en su caso tenga celebrado con ALTER sin responsabilidad de ning\u00fan tipo para este \u00faltimo.<\/p><p>4. Finalidad del Tratamiento de sus Datos Personales<\/p><p class=\"txt_alineacionJustificado\">Los Datos Personales que se recaben conforme al presente Aviso de Privacidad, se utilizar\u00e1n para:<\/p><div class=\"txt_lista\"><ul><li>Proporcionar los servicios contratados con ALTER.<\/li><li>Env\u00edo de comunicaciones sobre ofertas y nuevos productos y\/o servicios proporcionados por ALTER.<\/li><li>Facturaci\u00f3n de los servicios contratados con ALTER, as\u00ed como realizar el cobro de estos.<\/li><li>Estad\u00edstica y registro hist\u00f3rico de los titulares.<\/li><li>Contacto con referencias familiares o laborales.<\/li><li>Gesti\u00f3n, control y administraci\u00f3n de los registros m\u00e9dicos de los Titulares y, en su caso, de los beneficiarios.<\/li><li>Brindarle seguridad dentro de las instalaciones de ALTER.<\/li><li>Realizar notificaciones al domicilio del titular para proporcionar informaci\u00f3n relacionada con los servicios contratados con ALTER.<\/li><\/ul><\/div><p class=\"txt_alineacionJustificado\">Es importante mencionar que ALTER no utilizar\u00e1 sus Datos Personales para fines distintos a los establecidos en el presente numeral.<\/p><p class=\"titulo2\">5. Mecanismo para manifestar negativa a determinadas Finalidades<\/p><p class=\"txt_alineacionJustificado\">En un plazo de cinco d\u00edas naturales, posteriores a la obtenci\u00f3n de sus datos personales o, en su caso, posteriores a cualquier modificaci\u00f3n al presente, usted podr\u00e1 manifestar su negativa para el tratamiento de sus Datos Personales para aquellas finalidad que considere no son necesarias ni hayan dado origen a la relaci\u00f3n jur\u00eddica con ALTER mediante el env\u00edo de un correo electr\u00f3nico a informacion@altersportcenter.com.mx. Una vez transcurrido el plazo antes mencionado, se entender\u00e1 su aceptaci\u00f3n a las finalidades y disposiciones establecidas en el presente Aviso de Privacidad.<\/p><p class=\"titulo2\">6. Datos Personales de menores de edad o personas con capacidades diferentes<\/p><p class=\"txt_alineacionJustificado\">ALTER conoce la importancia que tiene la protecci\u00f3n de la privacidad y los Datos Personales de los menores de edad y de las personas con capacidades diferentes, por lo que no obtiene, usa, divulga o almacena informaci\u00f3n relacionada con menores de edad o personas con capacidades diferentes, sin el consentimiento previo de su padre, madre o tutor.<\/p><p class=\"txt_alineacionJustificado\">Si usted es padre, madre o tutor de alg\u00fan menor de edad y\/o persona con capacidades diferentes que haya proporcionado sus Datos Personales sin su consentimiento, puede solicitar que dichos datos sean cancelados contactando directamente a ALTER por medio del siguiente correo electr\u00f3nico: atencion@altersportcenter.com.mx<\/p><p class=\"txt_alineacionJustificado\">Cabe mencionar que los Datos Personales de los menores de edad y\/o de las personas con capacidades diferentes, resultan indispensables para que ALTER se encuentre en posibilidades de brindarles los servicios contratados, por lo que en caso de cancelaci\u00f3n en el Tratamiento de dichos Datos, dar\u00e1 lugar a la rescisi\u00f3n del contrato de prestaci\u00f3n de servicios que tenga celebrado con ALTER, sin responsabilidad de ning\u00fan tipo para este \u00faltimo.<\/p><p class=\"titulo2\">7. Transferencias de Datos Personales<\/p><p class=\"txt_alineacionJustificado\">ALTER podr\u00e1 transferir los Datos Personales recabados a sociedades controladoras, subsidiarias o afiliadas bajo el control com\u00fan del mismo grupo de ALTER o a una sociedad matriz o a cualquier sociedad del mismo grupo de ALTER, siempre que sea necesario para el cumplimiento de las Finalidades establecidas en el presente Aviso de Privacidad.<\/p><p class=\"txt_alineacionJustificado\">Asimismo, ALTER podr\u00e1 transferir sus datos personales en los casos previstos y autorizados por la Ley, el Reglamento, los Lineamientos, o cualquier otra disposici\u00f3n legal que obligue a tal situaci\u00f3n ALTER.<\/p><p class=\"titulo2\">8. Derecho de Acceso, Rectificaci\u00f3n, Cancelaci\u00f3n y Oposici\u00f3n relativos a los Datos Personales<\/p><p class=\"txt_alineacionJustificado\">Usted tendr\u00e1 en todo momento el derecho de acceder a sus datos personales, previa solicitud que realice directamente a ALTER a trav\u00e9s del siguiente correo electr\u00f3nico atencion@altersportcenter.com.mx. Dicho acceso se llevar\u00e1 a cabo durante d\u00edas y horas laborales.<\/p><p class=\"txt_alineacionJustificado\">Asimismo, usted tendr\u00e1 el derecho de rectificarlos en caso de que sus datos personales est\u00e9n incompletos o sean inexactos, as\u00ed como cancelarlos de nuestros registros en cualquier momento, excepto en los casos establecidos en el art\u00edculo 26 de la Ley. Finalmente, usted podr\u00e1 oponerse al tratamiento de sus datos personales para fines espec\u00edficos.<\/p><p class=\"txt_alineacionJustificado\">Para llevar a cabo el ejercicio de alguno de los derechos mencionados en el presente inciso, usted deber\u00e1 enviar una solicitud a la siguiente direcci\u00f3n de correo electr\u00f3nico atenciom@altersportcenter.com.mx, la cual deber\u00e1 contener la siguiente informaci\u00f3n:<\/p><p class=\"txt_alineacionJustificado\">I. El nombre del titular de los datos personales, domicilio u cualquier otro medio para comunicarle la respuesta de la solicitud;<\/p><p class=\"txt_alineacionJustificado\">II. Los documentos suficientes y necesarios que acrediten la identidad del titular de los datos personales o, en su caso, del representante legal con las facultades suficientes y necesarias para tales efectos;<\/p><p class=\"txt_alineacionJustificado\">III. La descripci\u00f3n clara y precisa de los Datos Personales respecto de los cuales se solicita ejercer alguno de los derechos de acceso, rectificaci\u00f3n, cancelaci\u00f3n y\/u oposici\u00f3n; y<\/p><p class=\"txt_alineacionJustificado\">IV. Cualquier otro documento o elemento que facilite la localizaci\u00f3n de los Datos Personales sujetos al ejercicio alguno de los derechos antes mencionados.<\/p><p class=\"txt_alineacionJustificado\">En caso de que se trate de solicitudes relativas al ejercicio del derecho de rectificaci\u00f3n de datos personales, adem\u00e1s de incluir la informaci\u00f3n descrita anteriormente, el interesado deber\u00e1 describir los datos que se van a rectificar e incluir la informaci\u00f3n y documentos que sustenten y permitan realizar la petici\u00f3n.<\/p><p class=\"txt_alineacionJustificado\">ALTER deber\u00e1 responder a la solicitud descrita en los dos p\u00e1rrafos anteriores en un plazo que no podr\u00e1 exceder de veinte d\u00edas h\u00e1biles contados a partir de que se reciba dicha solicitud. En el supuesto que la solicitud del interesado cumpla con todos los requisitos y, por ende resultare procedente, ALTER contar\u00e1 con un plazo que no exceder\u00e1 de quince d\u00edas h\u00e1biles contados a partir de la fecha de comunicaci\u00f3n de la respuesta se\u00f1alada con anterioridad, para hacer efectiva la solicitud.<\/p><p class=\"txt_alineacionJustificado\">En caso de que la informaci\u00f3n proporcionada en su solicitud resultare err\u00f3nea o insuficiente o no se acompa\u00f1en los documentos necesarios para acreditar su identidad o la representaci\u00f3n legal correspondiente, ALTER dentro de los cinco d\u00edas h\u00e1biles siguientes a la recepci\u00f3n de su solicitud, requerir\u00e1 la subsanaci\u00f3n de las deficiencias para poder dar tr\u00e1mite a la misma. En estos casos, usted contar\u00e1 con diez d\u00edas h\u00e1biles para atender el requerimiento de subsanaci\u00f3n, contados a partir del d\u00eda siguiente en que lo hubiere recibido y, en caso de no responder en dicho plazo, la solicitud correspondiente se tendr\u00e1 por no presentada.<\/p><p class=\"titulo2\">9. Revocaci\u00f3n de la Autorizaci\u00f3n para el Tratamiento de Datos Personales<\/p><p class=\"txt_alineacionJustificado\">En t\u00e9rminos de lo dispuesto por el art\u00edculo 8 de la Ley usted podr\u00e1 revocar en todo momento la autorizaci\u00f3n que nos otorg\u00f3 para el tratamiento de sus datos personales, mediante el env\u00edo de un correo electr\u00f3nico a la direcci\u00f3n: atencion@altersportcenter.com.mx, que contenga la siguiente informaci\u00f3n:<\/p><p class=\"txt_alineacionJustificado\">I. El nombre y domicilio para comunicarle la respuesta de la solicitud;<\/p><p class=\"txt_alineacionJustificado\">II. Los documentos suficientes y necesarios que acrediten la identidad del titular de los datos personales o, en su caso, del representante legal con las facultades suficientes y necesarias para tales efectos;<\/p><p class=\"txt_alineacionJustificado\">III. La descripci\u00f3n clara y precisa de los Datos Personales respecto de los cuales se requiere la revocaci\u00f3n; y<\/p><p class=\"txt_alineacionJustificado\">IV. Cualquier otro documento o elemento que facilite la localizaci\u00f3n de los Datos Personales sujetos a la revocaci\u00f3n antes mencionada.<\/p><p class=\"txt_alineacionJustificado\">ALTER deber\u00e1 responder a la solicitud descrita en el p\u00e1rrafo anterior en un plazo que no podr\u00e1 exceder de veinte d\u00edas h\u00e1biles contados a partir de que se reciba dicha solicitud. En el supuesto que la solicitud de usted cumpla con todos los requisitos y, por ende resultare procedente, ALTER contar\u00e1 con un plazo que no exceder\u00e1 de quince d\u00edas h\u00e1biles contados a partir de la fecha de comunicaci\u00f3n de la respuesta se\u00f1alada con anterioridad para hacer efectiva la solicitud.<\/p><p class=\"txt_alineacionJustificado\">En caso de que la informaci\u00f3n proporcionada en su solicitud resultare err\u00f3nea o insuficiente, o no se acompa\u00f1en los documentos necesarios para acreditar su identidad o la representaci\u00f3n legal correspondiente, ALTER dentro de los cinco d\u00edas h\u00e1biles siguientes a la recepci\u00f3n de su solicitud, requerir\u00e1 la subsanaci\u00f3n de las deficiencias para poder dar tr\u00e1mite a la misma. En estos casos, usted contar\u00e1 con diez d\u00edas h\u00e1biles para atender el requerimiento de subsanaci\u00f3n, contados a partir del d\u00eda siguiente en que lo hubiere recibido y, en caso de no responder en dicho plazo, la solicitud correspondiente se tendr\u00e1 por no presentada.<\/p><p class=\"titulo2\">10. Modificaciones al Aviso de Privacidad<\/p><p class=\"txt_alineacionJustificado\">ALTER se reserva el derecho de realizar cualquier tipo de modificaci\u00f3n o actualizaci\u00f3n al presente Aviso de Privacidad, con la finalidad de dar cabal cumplimiento a nuevas disposiciones legales, a nuevas pol\u00edticas internas o a requerimientos de cualquier autoridad competente. Estas modificaciones y\/o actualizaciones se dar\u00e1n a conocer inmediatamente despu\u00e9s de su entrada por un correo electr\u00f3nico que ser\u00e1 enviado de la siguiente direcci\u00f3n: atencion@altersportcenter.com.mx.<\/p><p class=\"titulo2\">11. Procedimiento de Protecci\u00f3n de Derechos<\/p><p class=\"txt_alineacionJustificado\">Si usted considera que el derecho a la protecci\u00f3n de sus datos personales ha sido violado por alg\u00fan miembro de ALTER o que se incumple con alguno de los requisitos establecidos en la Ley, hacemos de su conocimiento que podr\u00e1 iniciar un Procedimiento de Protecci\u00f3n de Derechos ante el Instituto Federal de Acceso a la Informaci\u00f3n y Protecci\u00f3n de Datos (www.ifai.gob.mx) dentro de los quince d\u00edas h\u00e1biles siguientes a la fecha en que reciba una respuesta de ALTER respecto de su solicitud, o a partir de que concluya el plazo de veinte d\u00edas h\u00e1biles contados a partir de la fecha de recepci\u00f3n de su solicitud de ejercicio de derechos y no hubiese recibido respuesta alguna por parte de ALTER.<\/p><p class=\"titulo2\">12. Cookies y web beacons<\/p><p class=\"txt_alineacionJustificado\">Con el objetivo de mejorar la experiencia de usted en la p\u00e1gina de internet https:\/\/altersportcenter.com.mx\/, ALTER podr\u00e1 utilizar \u00abcookies\u00bb, (de acuerdo a los Lineamientos, se definen como los archivos de datos que se almacenan en el disco duro del equipo de c\u00f3mputo o del dispositivo de comunicaciones electr\u00f3nicas de un usuario al navegar en un sitio de internet espec\u00edfico, el cual permite intercambiar informaci\u00f3n de estado entre dicho sitio y el navegador del usuario. La informaci\u00f3n de estado puede revelar medios de identificaci\u00f3n de sesi\u00f3n, autenticaci\u00f3n o preferencias del usuario, as\u00ed como cualquier dato almacenado por el navegador respecto al sitio de internet).<\/p><p class=\"txt_alineacionJustificado\">Asimismo, en la p\u00e1gina de internet https:\/\/altersportcenter.com.mx\/, ALTER podr\u00e1 utilizar \u201cweb beacons\u201d (de acuerdo a los Lineamientos, se define como imagen visible u oculta insertada dentro de un sitio web o correo electr\u00f3nico, que se utiliza para monitorear el comportamiento del usuario en estos medios. A trav\u00e9s de \u00e9stos se puede obtener informaci\u00f3n como la direcci\u00f3n IP de origen, navegador utilizado, sistema operativo, momento en que se accedi\u00f3 a la p\u00e1gina y, en el caso del correo electr\u00f3nico, la asociaci\u00f3n de los datos anteriores con el destinatario).<\/p><p class=\"txt_alineacionJustificado\">Usted podr\u00e1 cambiar sus opciones a trav\u00e9s de su equipo de c\u00f3mputo y\/o navegadores para dejar de aceptar \u00abcookies\u00bb y\/o \u00abweb beacons\u00bb o bien confirmar si acepta o no las mismas.<\/p><p class=\"titulo2\">13. Medidas de Seguridad en el Tratamiento de Datos Personales<\/p><p class=\"txt_alineacionJustificado\">Con el objetivo de garantizar la correcta protecci\u00f3n de los datos personales y en cumplimiento con la Ley, ALTER cuenta con las medidas de seguridad administrativas, f\u00edsicas y t\u00e9cnicas necesarias y suficientes para ello.<\/p><p class=\"titulo2\">14.No Discriminaci\u00f3n<\/p><p class=\"txt_alineacionJustificado\">ALTER NO DISCRIMINA a ninguna persona por raz\u00f3n de su raza, sexo, capacidad f\u00edsica, religi\u00f3n ni de ninguna forma.<\/p><p class=\"txt_alineacionJustificado\">Se proh\u00edbe todo acto de discriminaci\u00f3n racial, racismo, endorracismo que tenga por objeto limitar o menoscabar el reconocimiento, goce y ejercicio de los derechos humanos y libertades de la persona o grupo de personas.<\/p><p class=\"titulo2\">15. Aceptaci\u00f3n<\/p><p class=\"txt_alineacionJustificado\">El presente Aviso de Privacidad est\u00e1 sujeto a los t\u00e9rminos y condiciones de nuestra p\u00e1gina de internet https:\/\/altersportcenter.com.mx\/, el cual establece un acuerdo legal entre usted y ALTER.<\/p><p class=\"txt_alineacionJustificado\">Si usted utiliza los servicios de ALTER, significa que ha le\u00eddo, entendido y acordado los t\u00e9rminos antes expuestos.<\/p>\t\t\t\t\t\t<\/div>\n\t\t\t\t<\/div>\n\t\t\t\t\t<\/div>\n\t\t\t\t<\/div>\n\t\t\t\t<\/div>\n\t\t","protected":false},"excerpt":{"rendered":"<p>Aviso de Privacidad Aviso de Privacidad En GYMSTARTS ELITE, S.A. DE C.V., reconocida comercialmente por \u201cALTER FAMILY SPORT CENTER\u201d, sabemos [&hellip;]<\/p>\n","protected":false},"author":1,"featured_media":0,"parent":0,"menu_order":0,"comment_status":"closed","ping_status":"closed","template":"","meta":{"site-sidebar-layout":"no-sidebar","site-content-layout":"","ast-site-content-layout":"full-width-container","site-content-style":"default","site-sidebar-style":"default","ast-global-header-display":"","ast-banner-title-visibility":"","ast-main-header-display":"","ast-hfb-above-header-display":"","ast-hfb-below-header-display":"","ast-hfb-mobile-header-display":"","site-post-title":"disabled","ast-breadcrumbs-content":"","ast-featured-img":"disabled","footer-sml-layout":"","theme-transparent-header-meta":"","adv-header-id-meta":"","stick-header-meta":"","header-above-stick-meta":"","header-main-stick-meta":"","header-below-stick-meta":"","astra-migrate-meta-layouts":"default","ast-page-background-enabled":"default","ast-page-background-meta":{"desktop":{"background-color":"var(--ast-global-color-4)","background-image":"","background-repeat":"repeat","background-position":"center center","background-size":"auto","background-attachment":"scroll","background-type":"","background-media":"","overlay-type":"","overlay-color":"","overlay-gradient":""},"tablet":{"background-color":"","background-image":"","background-repeat":"repeat","background-position":"center center","background-size":"auto","background-attachment":"scroll","background-type":"","background-media":"","overlay-type":"","overlay-color":"","overlay-gradient":""},"mobile":{"background-color":"","background-image":"","background-repeat":"repeat","background-position":"center center","background-size":"auto","background-attachment":"scroll","background-type":"","background-media":"","overlay-type":"","overlay-color":"","overlay-gradient":""}},"ast-content-background-meta":{"desktop":{"background-color":"var(--ast-global-color-5)","background-image":"","background-repeat":"repeat","background-position":"center center","background-size":"auto","background-attachment":"scroll","background-type":"","background-media":"","overlay-type":"","overlay-color":"","overlay-gradient":""},"tablet":{"background-color":"var(--ast-global-color-5)","background-image":"","background-repeat":"repeat","background-position":"center center","background-size":"auto","background-attachment":"scroll","background-type":"","background-media":"","overlay-type":"","overlay-color":"","overlay-gradient":""},"mobile":{"background-color":"var(--ast-global-color-5)","background-image":"","background-repeat":"repeat","background-position":"center center","background-size":"auto","background-attachment":"scroll","background-type":"","background-media":"","overlay-type":"","overlay-color":"","overlay-gradient":""}},"footnotes":""},"_links":{"self":[{"href":"https:\/\/altersportcenter.com.mx\/index.php?rest_route=\/wp\/v2\/pages\/1544"}],"collection":[{"href":"https:\/\/altersportcenter.com.mx\/index.php?rest_route=\/wp\/v2\/pages"}],"about":[{"href":"https:\/\/altersportcenter.com.mx\/index.php?rest_route=\/wp\/v2\/types\/page"}],"author":[{"embeddable":true,"href":"https:\/\/altersportcenter.com.mx\/index.php?rest_route=\/wp\/v2\/users\/1"}],"replies":[{"embeddable":true,"href":"https:\/\/altersportcenter.com.mx\/index.php?rest_route=%2Fwp%2Fv2%2Fcomments&post=1544"}],"version-history":[{"count":28,"href":"https:\/\/altersportcenter.com.mx\/index.php?rest_route=\/wp\/v2\/pages\/1544\/revisions"}],"predecessor-version":[{"id":2668,"href":"https:\/\/altersportcenter.com.mx\/index.php?rest_route=\/wp\/v2\/pages\/1544\/revisions\/2668"}],"wp:attachment":[{"href":"https:\/\/altersportcenter.com.mx\/index.php?rest_route=%2Fwp%2Fv2%2Fmedia&parent=1544"}],"curies":[{"name":"wp","href":"https:\/\/api.w.org\/{rel}","templated":true}]}}